{"id":80,"date":"2025-11-12T10:48:35","date_gmt":"2025-11-12T10:48:35","guid":{"rendered":"https:\/\/cinemafilles.com\/?page_id=80"},"modified":"2026-02-09T13:18:38","modified_gmt":"2026-02-09T13:18:38","slug":"proyecto-brujas","status":"publish","type":"page","link":"https:\/\/cinemafilles.com\/index.php\/proyecto-brujas\/","title":{"rendered":"Nosotras, Brujas"},"content":{"rendered":"\n<figure class=\"wp-block-image size-large is-resized\"><img loading=\"lazy\" decoding=\"async\" width=\"1024\" height=\"535\" src=\"http:\/\/cinemafilles.com\/wp-content\/uploads\/2025\/11\/Screenshot-2025-11-12-at-12.21.28-1024x535.png\" alt=\"\" class=\"wp-image-92\" style=\"width:1191px;height:auto\" srcset=\"https:\/\/cinemafilles.com\/wp-content\/uploads\/2025\/11\/Screenshot-2025-11-12-at-12.21.28-1024x535.png 1024w, https:\/\/cinemafilles.com\/wp-content\/uploads\/2025\/11\/Screenshot-2025-11-12-at-12.21.28-300x157.png 300w, https:\/\/cinemafilles.com\/wp-content\/uploads\/2025\/11\/Screenshot-2025-11-12-at-12.21.28-2000x1044.png 2000w\" sizes=\"auto, (max-width: 1024px) 100vw, 1024px\" \/><\/figure>\n\n\n\n<p><br>Nosotras, brujas, revela c\u00f3mo, tras el mito de la bruja, se ocult\u00f3 una operaci\u00f3n de poder: la usurpaci\u00f3n sistem\u00e1tica de las tierras y saberes de las mujeres. A trav\u00e9s de un viaje que une pasado y presente, la serie recorre los lugares donde fueron perseguidas \u2014de Zugarramurdi a Trasmoz, de Cern\u00e9gula a Valencia\u2014 para desenterrar una verdad silenciada: la caza de brujas no fue s\u00f3lo una histeria religiosa, sino una estrategia econ\u00f3mica y pol\u00edtica para eliminar a las mujeres que gestionaban recursos, conocimientos y lugares. En la actualidad, sus herederas reconstruyen ese legado, tejiendo redes de cuidado y resistencia frente al nuevo rostro del poder: el neoliberalismo.<\/p>\n\n\n\n<p>Largometraje documental en desarrollo<br>Direcci\u00f3n y guion: Patricia Vioque<\/p>\n\n\n\n<p><\/p>\n","protected":false},"excerpt":{"rendered":"<p>Nosotras, brujas, revela c\u00f3mo, tras el mito de la bruja, se ocult\u00f3 una operaci\u00f3n de poder: la usurpaci\u00f3n sistem\u00e1tica de las tierras y saberes de las mujeres. A trav\u00e9s de un viaje que une pasado y presente, la serie recorre los lugares donde fueron perseguidas \u2014de Zugarramurdi a Trasmoz, de Cern\u00e9gula a Valencia\u2014 para desenterrar &hellip; <\/p>\n<p class=\"link-more\"><a href=\"https:\/\/cinemafilles.com\/index.php\/proyecto-brujas\/\" class=\"more-link\">Leer m\u00e1s<span class=\"screen-reader-text\"> \u00abNosotras, Brujas\u00bb<\/span><\/a><\/p>\n","protected":false},"author":1,"featured_media":0,"parent":0,"menu_order":0,"comment_status":"closed","ping_status":"closed","template":"","meta":{"footnotes":""},"class_list":["post-80","page","type-page","status-publish","hentry"],"_links":{"self":[{"href":"https:\/\/cinemafilles.com\/index.php\/wp-json\/wp\/v2\/pages\/80","targetHints":{"allow":["GET"]}}],"collection":[{"href":"https:\/\/cinemafilles.com\/index.php\/wp-json\/wp\/v2\/pages"}],"about":[{"href":"https:\/\/cinemafilles.com\/index.php\/wp-json\/wp\/v2\/types\/page"}],"author":[{"embeddable":true,"href":"https:\/\/cinemafilles.com\/index.php\/wp-json\/wp\/v2\/users\/1"}],"replies":[{"embeddable":true,"href":"https:\/\/cinemafilles.com\/index.php\/wp-json\/wp\/v2\/comments?post=80"}],"version-history":[{"count":17,"href":"https:\/\/cinemafilles.com\/index.php\/wp-json\/wp\/v2\/pages\/80\/revisions"}],"predecessor-version":[{"id":276,"href":"https:\/\/cinemafilles.com\/index.php\/wp-json\/wp\/v2\/pages\/80\/revisions\/276"}],"wp:attachment":[{"href":"https:\/\/cinemafilles.com\/index.php\/wp-json\/wp\/v2\/media?parent=80"}],"curies":[{"name":"wp","href":"https:\/\/api.w.org\/{rel}","templated":true}]}}