{"id":69,"date":"2025-11-12T10:25:47","date_gmt":"2025-11-12T10:25:47","guid":{"rendered":"https:\/\/cinemafilles.com\/?page_id=69"},"modified":"2026-02-09T13:21:50","modified_gmt":"2026-02-09T13:21:50","slug":"proyectos","status":"publish","type":"page","link":"https:\/\/cinemafilles.com\/index.php\/proyectos\/","title":{"rendered":"Reflejos de la Casa Verde"},"content":{"rendered":"\n<figure class=\"wp-block-gallery has-nested-images columns-default is-cropped wp-block-gallery-1 is-layout-flex wp-block-gallery-is-layout-flex\">\n<figure class=\"wp-block-image size-large is-resized\"><img loading=\"lazy\" decoding=\"async\" width=\"1024\" height=\"576\" data-id=\"179\" src=\"https:\/\/cinemafilles.com\/wp-content\/uploads\/2025\/11\/Still7-1-1024x576.png\" alt=\"\" class=\"wp-image-179\" style=\"width:545px;height:auto\" srcset=\"https:\/\/cinemafilles.com\/wp-content\/uploads\/2025\/11\/Still7-1-1024x576.png 1024w, https:\/\/cinemafilles.com\/wp-content\/uploads\/2025\/11\/Still7-1-300x169.png 300w, https:\/\/cinemafilles.com\/wp-content\/uploads\/2025\/11\/Still7-1.png 1920w\" sizes=\"auto, (max-width: 1024px) 100vw, 1024px\" \/><\/figure>\n\n\n\n<figure class=\"wp-block-image size-large is-resized\"><img loading=\"lazy\" decoding=\"async\" width=\"1024\" height=\"576\" data-id=\"177\" src=\"http:\/\/cinemafilles.com\/wp-content\/uploads\/2025\/11\/Still6-1-1024x576.png\" alt=\"\" class=\"wp-image-177\" style=\"width:545px;height:auto\" srcset=\"https:\/\/cinemafilles.com\/wp-content\/uploads\/2025\/11\/Still6-1-1024x576.png 1024w, https:\/\/cinemafilles.com\/wp-content\/uploads\/2025\/11\/Still6-1-300x169.png 300w, https:\/\/cinemafilles.com\/wp-content\/uploads\/2025\/11\/Still6-1.png 1920w\" sizes=\"auto, (max-width: 1024px) 100vw, 1024px\" \/><\/figure>\n<\/figure>\n\n\n\n<p>En medio del laberinto de invernaderos del poniente almeriense, una de las zonas de Europa m\u00e1s tensionadas por el flujo migratorio del Mediterr\u00e1neo, dos adolescentes se las ingenian para intentar colarse en el concierto de Rosal\u00eda, mientras que la Perra Mart\u00ednez confecciona su vestido de Scheherezade en su almac\u00e9n de piensos y la peque\u00f1a Thal\u00eda se prepara ilusionada para su coronaci\u00f3n como Reina de las Fiestas<\/p>\n\n\n\n<p>Largometraje documental 110\u2019<br>Direcci\u00f3n y guion: Antonio Morales<br>Producci\u00f3n: Jon Arr\u00f3spide, Sara Bamba, Iv\u00e1n Mart\u00edn, Alodia Clemente, Inma Escribano<br>Montaje: Patricia Vioque y Miguel Gonz\u00e1lez<br>Sonido: Alberto Carlassare<\/p>\n\n\n\n<p><strong>DOCUMENTAL PRODUCIDO. PENDIENTE DE ESTRENO <\/strong><\/p>\n\n\n\n<div class=\"wp-block-group is-content-justification-center is-nowrap is-layout-flex wp-container-core-group-is-layout-23441af8 wp-block-group-is-layout-flex\">\n<figure class=\"wp-block-image size-large is-resized\"><img loading=\"lazy\" decoding=\"async\" width=\"1024\" height=\"357\" src=\"http:\/\/cinemafilles.com\/wp-content\/uploads\/2025\/11\/Nebula-logo-variacoes-03-1024x357.png\" alt=\"\" class=\"wp-image-204\" style=\"width:192px;height:auto\" srcset=\"https:\/\/cinemafilles.com\/wp-content\/uploads\/2025\/11\/Nebula-logo-variacoes-03-1024x357.png 1024w, https:\/\/cinemafilles.com\/wp-content\/uploads\/2025\/11\/Nebula-logo-variacoes-03-300x105.png 300w, https:\/\/cinemafilles.com\/wp-content\/uploads\/2025\/11\/Nebula-logo-variacoes-03.png 1080w\" sizes=\"auto, (max-width: 1024px) 100vw, 1024px\" \/><\/figure>\n\n\n\n<figure class=\"wp-block-image size-full is-resized\"><img loading=\"lazy\" decoding=\"async\" width=\"2122\" height=\"1036\" src=\"https:\/\/cinemafilles.com\/wp-content\/uploads\/2025\/11\/Screenshot-2025-11-13-at-10.56.30.png\" alt=\"\" class=\"wp-image-205\" style=\"width:182px;height:auto\" srcset=\"https:\/\/cinemafilles.com\/wp-content\/uploads\/2025\/11\/Screenshot-2025-11-13-at-10.56.30.png 2122w, https:\/\/cinemafilles.com\/wp-content\/uploads\/2025\/11\/Screenshot-2025-11-13-at-10.56.30-300x146.png 300w, https:\/\/cinemafilles.com\/wp-content\/uploads\/2025\/11\/Screenshot-2025-11-13-at-10.56.30-1024x500.png 1024w, https:\/\/cinemafilles.com\/wp-content\/uploads\/2025\/11\/Screenshot-2025-11-13-at-10.56.30-2000x976.png 2000w\" sizes=\"auto, (max-width: 2122px) 100vw, 2122px\" \/><\/figure>\n\n\n\n<figure class=\"wp-block-image size-large is-resized\"><img loading=\"lazy\" decoding=\"async\" width=\"992\" height=\"1024\" src=\"http:\/\/cinemafilles.com\/wp-content\/uploads\/2025\/11\/Screenshot-2025-11-13-at-10.57.30-992x1024.png\" alt=\"\" class=\"wp-image-206\" style=\"width:133px;height:auto\" srcset=\"https:\/\/cinemafilles.com\/wp-content\/uploads\/2025\/11\/Screenshot-2025-11-13-at-10.57.30-992x1024.png 992w, https:\/\/cinemafilles.com\/wp-content\/uploads\/2025\/11\/Screenshot-2025-11-13-at-10.57.30-291x300.png 291w, https:\/\/cinemafilles.com\/wp-content\/uploads\/2025\/11\/Screenshot-2025-11-13-at-10.57.30.png 994w\" sizes=\"auto, (max-width: 992px) 100vw, 992px\" \/><\/figure>\n\n\n\n<figure class=\"wp-block-image size-full is-resized\"><img loading=\"lazy\" decoding=\"async\" width=\"414\" height=\"278\" src=\"https:\/\/cinemafilles.com\/wp-content\/uploads\/2025\/11\/Screenshot-2025-11-13-at-11.49.09.png\" alt=\"\" class=\"wp-image-211\" style=\"width:194px;height:auto\" srcset=\"https:\/\/cinemafilles.com\/wp-content\/uploads\/2025\/11\/Screenshot-2025-11-13-at-11.49.09.png 414w, https:\/\/cinemafilles.com\/wp-content\/uploads\/2025\/11\/Screenshot-2025-11-13-at-11.49.09-300x201.png 300w\" sizes=\"auto, (max-width: 414px) 100vw, 414px\" \/><\/figure>\n<\/div>\n\n\n\n<p><\/p>\n\n\n\n<p><\/p>\n","protected":false},"excerpt":{"rendered":"<p>En medio del laberinto de invernaderos del poniente almeriense, una de las zonas de Europa m\u00e1s tensionadas por el flujo migratorio del Mediterr\u00e1neo, dos adolescentes se las ingenian para intentar colarse en el concierto de Rosal\u00eda, mientras que la Perra Mart\u00ednez confecciona su vestido de Scheherezade en su almac\u00e9n de piensos y la peque\u00f1a Thal\u00eda &hellip; <\/p>\n<p class=\"link-more\"><a href=\"https:\/\/cinemafilles.com\/index.php\/proyectos\/\" class=\"more-link\">Leer m\u00e1s<span class=\"screen-reader-text\"> \u00abReflejos de la Casa Verde\u00bb<\/span><\/a><\/p>\n","protected":false},"author":1,"featured_media":0,"parent":0,"menu_order":0,"comment_status":"closed","ping_status":"closed","template":"","meta":{"footnotes":""},"class_list":["post-69","page","type-page","status-publish","hentry"],"_links":{"self":[{"href":"https:\/\/cinemafilles.com\/index.php\/wp-json\/wp\/v2\/pages\/69","targetHints":{"allow":["GET"]}}],"collection":[{"href":"https:\/\/cinemafilles.com\/index.php\/wp-json\/wp\/v2\/pages"}],"about":[{"href":"https:\/\/cinemafilles.com\/index.php\/wp-json\/wp\/v2\/types\/page"}],"author":[{"embeddable":true,"href":"https:\/\/cinemafilles.com\/index.php\/wp-json\/wp\/v2\/users\/1"}],"replies":[{"embeddable":true,"href":"https:\/\/cinemafilles.com\/index.php\/wp-json\/wp\/v2\/comments?post=69"}],"version-history":[{"count":11,"href":"https:\/\/cinemafilles.com\/index.php\/wp-json\/wp\/v2\/pages\/69\/revisions"}],"predecessor-version":[{"id":278,"href":"https:\/\/cinemafilles.com\/index.php\/wp-json\/wp\/v2\/pages\/69\/revisions\/278"}],"wp:attachment":[{"href":"https:\/\/cinemafilles.com\/index.php\/wp-json\/wp\/v2\/media?parent=69"}],"curies":[{"name":"wp","href":"https:\/\/api.w.org\/{rel}","templated":true}]}}