{"id":24,"date":"2025-11-10T13:59:48","date_gmt":"2025-11-10T13:59:48","guid":{"rendered":"https:\/\/cinemafilles.com\/?page_id=24"},"modified":"2026-03-16T06:43:16","modified_gmt":"2026-03-16T06:43:16","slug":"pagina-de-inicio","status":"publish","type":"page","link":"https:\/\/cinemafilles.com\/","title":{"rendered":"P\u00e1gina de inicio"},"content":{"rendered":"\n<div class=\"wp-block-group has-global-padding is-layout-constrained wp-block-group-is-layout-constrained\">\n<div style=\"height:106px\" aria-hidden=\"true\" class=\"wp-block-spacer\"><\/div>\n\n\n\n<div class=\"wp-block-cb-carousel-v2 alignwide cb-carousel-block cb-single-slide\" data-cb-slides-per-view=\"1\" data-cb-slides-per-group=\"1\" data-cb-space-between=\"15\" data-cb-speed=\"300\" data-cb-navigation=\"true\" data-cb-autoplay=\"true\" data-cb-autoplay-speed=\"6000\" data-cb-breakpoints=\"{&quot;768&quot;:{&quot;slidesPerView&quot;:1,&quot;slidesPerGroup&quot;:1}}\"><div class=\"swiper\"><div class=\"cb-wrapper swiper-wrapper\">\n<div class=\"wp-block-cb-slide-v2 cb-slide swiper-slide\">\n<div class=\"wp-block-cover aligncenter\" style=\"min-height:540px;aspect-ratio:unset;\"><video class=\"wp-block-cover__video-background intrinsic-ignore\" autoplay muted loop playsinline src=\"http:\/\/cinemafilles.com\/wp-content\/uploads\/2025\/11\/Reflejos-casa-verde-2-1.mp4\" style=\"object-position:49% 10%\" data-object-fit=\"cover\" data-object-position=\"49% 10%\"><\/video><span aria-hidden=\"true\" class=\"wp-block-cover__background has-background-dim\"><\/span><div class=\"wp-block-cover__inner-container is-layout-flow wp-block-cover-is-layout-flow\">\n<p class=\"has-text-align-center has-large-font-size\"><\/p>\n<\/div><\/div>\n<\/div>\n\n\n\n<div class=\"wp-block-cb-slide-v2 cb-slide swiper-slide\">\n<div class=\"wp-block-cover\" style=\"min-height:540px;aspect-ratio:unset;\"><video class=\"wp-block-cover__video-background intrinsic-ignore\" autoplay muted loop playsinline src=\"http:\/\/cinemafilles.com\/wp-content\/uploads\/2025\/11\/Cortes-reflejos-casa-verde.mp4\" style=\"object-position:49% 51%\" data-object-fit=\"cover\" data-object-position=\"49% 51%\"><\/video><span aria-hidden=\"true\" class=\"wp-block-cover__background has-background-dim\"><\/span><div class=\"wp-block-cover__inner-container is-layout-flow wp-block-cover-is-layout-flow\">\n<p class=\"has-text-align-center has-large-font-size\"><\/p>\n<\/div><\/div>\n<\/div>\n<\/div><\/div><div class=\"cb-button-prev swiper-button-prev\"><\/div><div class=\"cb-button-next swiper-button-next\"><\/div><\/div>\n<\/div>\n\n\n\n<div class=\"wp-block-group has-global-padding is-layout-constrained wp-block-group-is-layout-constrained\">\n<h2 class=\"wp-block-heading has-text-align-center has-medium-font-size\" style=\"letter-spacing:1px\">CINEMA FILLES <\/h2>\n\n\n\n<p class=\"has-text-align-center\"><strong>Fundada por Alodia Clemente e Inma Escribano<\/strong>, <em>Cinema Filles\u00ae<\/em> es una productora dedicada a la creaci\u00f3n de cine documental con un enfoque social y cultural. Su misi\u00f3n es revelar las peque\u00f1as grandes historias que nos rodean y que, durante demasiado tiempo, han permanecido sin ser contadas \u2014especialmente aquellas protagonizadas por mujeres o narradas desde su mirada.<\/p>\n\n\n\n<p>En <em>CinemaFilles\u00ae<\/em> nos apasiona contar historias sobre personas que viven en los m\u00e1rgenes de la sociedad, reflexionar sobre las contradicciones de un mundo en constante cambio marcado por la tecnolog\u00eda y recuperar joyas culturales que han quedado en el olvido. <\/p>\n\n\n\n<p class=\"has-text-align-center\">En 2025, la productora ha coproducido el largometraje documental <em>Reflejos de la Casa Verde<\/em>, dirigido por Antonio Morales, junto a Nadadora Films y Helsinki Films, actualmente en recorrido por festivales.<\/p>\n\n\n\n<div class=\"wp-block-group is-content-justification-center is-nowrap is-layout-flex wp-container-core-group-is-layout-23441af8 wp-block-group-is-layout-flex\">\n<figure class=\"wp-block-image size-full is-resized\"><img loading=\"lazy\" decoding=\"async\" width=\"466\" height=\"120\" src=\"https:\/\/cinemafilles.com\/wp-content\/uploads\/2025\/11\/LOGO-CIMA-Completo.png\" alt=\"\" class=\"wp-image-233\" style=\"width:152px;height:auto\" srcset=\"https:\/\/cinemafilles.com\/wp-content\/uploads\/2025\/11\/LOGO-CIMA-Completo.png 466w, https:\/\/cinemafilles.com\/wp-content\/uploads\/2025\/11\/LOGO-CIMA-Completo-300x77.png 300w\" sizes=\"auto, (max-width: 466px) 100vw, 466px\" \/><\/figure>\n\n\n\n<figure class=\"wp-block-image size-full is-resized\"><img loading=\"lazy\" decoding=\"async\" width=\"800\" height=\"146\" src=\"https:\/\/cinemafilles.com\/wp-content\/uploads\/2025\/11\/docma_logotipo_2024_principal_rgb_ancho800px.png\" alt=\"\" class=\"wp-image-234\" style=\"width:300px;height:auto\" srcset=\"https:\/\/cinemafilles.com\/wp-content\/uploads\/2025\/11\/docma_logotipo_2024_principal_rgb_ancho800px.png 800w, https:\/\/cinemafilles.com\/wp-content\/uploads\/2025\/11\/docma_logotipo_2024_principal_rgb_ancho800px-300x55.png 300w\" sizes=\"auto, (max-width: 800px) 100vw, 800px\" \/><\/figure>\n\n\n\n<figure class=\"wp-block-image size-full is-resized\"><img loading=\"lazy\" decoding=\"async\" width=\"278\" height=\"182\" src=\"https:\/\/cinemafilles.com\/wp-content\/uploads\/2025\/11\/Logo_AVAV_blanc_i_negre.png\" alt=\"\" class=\"wp-image-237\" style=\"width:86px;height:auto\"\/><\/figure>\n<\/div>\n<\/div>\n\n\n\n<div id=\"services\" class=\"wp-block-group alignfull pattern_multiple_covers has-background has-global-padding is-layout-constrained wp-block-group-is-layout-constrained\">\n<div style=\"height:45px\" aria-hidden=\"true\" class=\"wp-block-spacer\"><\/div>\n\n\n\n<p class=\"has-text-align-left has-secondary-color has-text-color\" style=\"letter-spacing:1px\">PROYECTOS <\/p>\n\n\n\n<div class=\"wp-block-columns is-layout-flex wp-container-core-columns-is-layout-28f84493 wp-block-columns-is-layout-flex\">\n<div class=\"wp-block-column is-layout-flow wp-block-column-is-layout-flow\" style=\"padding-top:0;padding-right:0;padding-bottom:0;padding-left:0\">\n<div class=\"wp-block-cover has-custom-content-position is-position-bottom-left\" style=\"padding-top:var(--wp--preset--spacing--small);padding-right:var(--wp--preset--spacing--x-small);padding-bottom:var(--wp--preset--spacing--small);padding-left:var(--wp--preset--spacing--x-small);min-height:358px;aspect-ratio:unset;\"><img loading=\"lazy\" decoding=\"async\" width=\"1024\" height=\"576\" class=\"wp-block-cover__image-background wp-image-101 size-large\" alt=\"\" src=\"http:\/\/cinemafilles.com\/wp-content\/uploads\/2025\/11\/Still4-1024x576.png\" data-object-fit=\"cover\" srcset=\"https:\/\/cinemafilles.com\/wp-content\/uploads\/2025\/11\/Still4-1024x576.png 1024w, https:\/\/cinemafilles.com\/wp-content\/uploads\/2025\/11\/Still4-300x169.png 300w, https:\/\/cinemafilles.com\/wp-content\/uploads\/2025\/11\/Still4.png 1920w\" sizes=\"auto, (max-width: 1024px) 100vw, 1024px\" \/><span aria-hidden=\"true\" class=\"wp-block-cover__background has-primary-background-color has-background-dim-30 has-background-dim\"><\/span><div class=\"wp-block-cover__inner-container is-layout-flow wp-block-cover-is-layout-flow\">\n<h3 class=\"wp-block-heading has-white-color has-text-color has-medium-font-size\" style=\"margin-top:0;margin-right:0;margin-bottom:0;margin-left:0\">Reflejos de la              Casa Verde<\/h3>\n\n\n\n<p class=\"has-white-color has-text-color has-link-color has-large-font-size wp-elements-c6b8d75e49b24d034194e3ac277059d1\" style=\"margin-top:0;margin-right:0;margin-bottom:0;margin-left:0\"><a href=\"https:\/\/cinemafilles.com\/index.php\/proyectos\/\" data-type=\"link\" data-id=\"https:\/\/cinemafilles.com\/index.php\/proyectos\/\"> \u2192<\/a><\/p>\n<\/div><\/div>\n<\/div>\n\n\n\n<div class=\"wp-block-column is-layout-flow wp-block-column-is-layout-flow\">\n<div class=\"wp-block-cover has-custom-content-position is-position-bottom-left\" style=\"padding-top:var(--wp--preset--spacing--small);padding-right:var(--wp--preset--spacing--x-small);padding-bottom:var(--wp--preset--spacing--small);padding-left:var(--wp--preset--spacing--x-small);min-height:358px;aspect-ratio:unset;\"><img loading=\"lazy\" decoding=\"async\" width=\"1024\" height=\"427\" class=\"wp-block-cover__image-background wp-image-90 size-large\" alt=\"\" src=\"https:\/\/cinemafilles.com\/wp-content\/uploads\/2025\/11\/10-1024x427.jpg\" data-object-fit=\"cover\" srcset=\"https:\/\/cinemafilles.com\/wp-content\/uploads\/2025\/11\/10-1024x427.jpg 1024w, https:\/\/cinemafilles.com\/wp-content\/uploads\/2025\/11\/10-300x125.jpg 300w, https:\/\/cinemafilles.com\/wp-content\/uploads\/2025\/11\/10.jpg 1777w\" sizes=\"auto, (max-width: 1024px) 100vw, 1024px\" \/><span aria-hidden=\"true\" class=\"wp-block-cover__background has-primary-background-color has-background-dim-30 has-background-dim\"><\/span><div class=\"wp-block-cover__inner-container is-layout-flow wp-block-cover-is-layout-flow\">\n<h3 class=\"wp-block-heading has-white-color has-text-color has-medium-font-size\" style=\"margin-top:0;margin-right:0;margin-bottom:0;margin-left:0\">El hombre-lobo ilustrado (y un manuscrito hallado en Zaragoza)<\/h3>\n\n\n\n<p class=\"has-white-color has-text-color has-link-color has-large-font-size wp-elements-00fc1b6eb999edd4db13f0f0214e8f19\" style=\"margin-top:0;margin-right:0;margin-bottom:0;margin-left:0\"><a href=\"https:\/\/cinemafilles.com\/index.php\/proyecto-manuscrito-encontrado-en-zaragoza\/\" data-type=\"link\" data-id=\"https:\/\/cinemafilles.com\/index.php\/proyectos\/\"> \u2192<\/a><\/p>\n<\/div><\/div>\n<\/div>\n\n\n\n<div class=\"wp-block-column is-layout-flow wp-block-column-is-layout-flow\" style=\"padding-top:0;padding-right:0;padding-bottom:0;padding-left:0\">\n<div class=\"wp-block-cover has-custom-content-position is-position-bottom-left\" style=\"padding-top:var(--wp--preset--spacing--small);padding-right:var(--wp--preset--spacing--x-small);padding-bottom:var(--wp--preset--spacing--small);padding-left:var(--wp--preset--spacing--x-small);min-height:358px;aspect-ratio:unset;\"><img loading=\"lazy\" decoding=\"async\" width=\"723\" height=\"1024\" class=\"wp-block-cover__image-background wp-image-93 size-large\" alt=\"\" src=\"https:\/\/cinemafilles.com\/wp-content\/uploads\/2025\/11\/Screenshot-2025-11-12-at-12.21.18-1-723x1024.png\" data-object-fit=\"cover\" srcset=\"https:\/\/cinemafilles.com\/wp-content\/uploads\/2025\/11\/Screenshot-2025-11-12-at-12.21.18-1-723x1024.png 723w, https:\/\/cinemafilles.com\/wp-content\/uploads\/2025\/11\/Screenshot-2025-11-12-at-12.21.18-1-212x300.png 212w, https:\/\/cinemafilles.com\/wp-content\/uploads\/2025\/11\/Screenshot-2025-11-12-at-12.21.18-1.png 1008w\" sizes=\"auto, (max-width: 723px) 100vw, 723px\" \/><span aria-hidden=\"true\" class=\"wp-block-cover__background has-primary-background-color has-background-dim-20 has-background-dim\"><\/span><div class=\"wp-block-cover__inner-container is-layout-flow wp-block-cover-is-layout-flow\">\n<h3 class=\"wp-block-heading has-white-color has-text-color has-medium-font-size\" style=\"margin-top:0;margin-right:0;margin-bottom:0;margin-left:0\">Nosotras, brujas <br><\/h3>\n\n\n\n<p class=\"has-white-color has-text-color has-link-color has-large-font-size wp-elements-5cebddae3ab5569affc69e54c56f5b56\" style=\"margin-top:0;margin-right:0;margin-bottom:0;margin-left:0\"><a href=\"https:\/\/cinemafilles.com\/index.php\/proyecto-brujas\/\" data-type=\"link\" data-id=\"https:\/\/cinemafilles.com\/index.php\/proyectos\/\"> \u2192<\/a><\/p>\n<\/div><\/div>\n<\/div>\n\n\n\n<div class=\"wp-block-column is-layout-flow wp-block-column-is-layout-flow\" style=\"padding-top:0;padding-right:0;padding-bottom:0;padding-left:0\">\n<div class=\"wp-block-cover is-repeated has-custom-content-position is-position-bottom-left\" style=\"padding-top:var(--wp--preset--spacing--small);padding-right:var(--wp--preset--spacing--x-small);padding-bottom:var(--wp--preset--spacing--small);padding-left:var(--wp--preset--spacing--x-small);min-height:358px;aspect-ratio:unset;\"><div class=\"wp-block-cover__image-background wp-image-290 size-full is-repeated\" style=\"background-position:50% 50%;background-image:url(http:\/\/cinemafilles.com\/wp-content\/uploads\/2026\/03\/teaser-poster-NMIHA-1.png)\"><\/div><span aria-hidden=\"true\" class=\"wp-block-cover__background has-primary-background-color has-background-dim-20 has-background-dim\"><\/span><div class=\"wp-block-cover__inner-container is-layout-flow wp-block-cover-is-layout-flow\">\n<h3 class=\"wp-block-heading has-white-color has-text-color has-medium-font-size\" style=\"margin-top:0;margin-right:0;margin-bottom:0;margin-left:0\">Nadie miraba hacia aqu\u00ed, pero yo lo vi<\/h3>\n\n\n\n<p class=\"has-white-color has-text-color has-link-color has-large-font-size wp-elements-2eba10b7e0e3028b6ac4e0f2ab4d490b\" style=\"margin-top:0;margin-right:0;margin-bottom:0;margin-left:0\"><a href=\"https:\/\/cinemafilles.com\/index.php\/nadie-miraba-hacia-aqui-pero-yo-lo-vi\/\" data-type=\"link\" data-id=\"https:\/\/cinemafilles.com\/index.php\/proyectos\/\">\u2192<\/a><\/p>\n<\/div><\/div>\n<\/div>\n<\/div>\n<\/div>\n\n\n\n<div id=\"team\" class=\"wp-block-group has-global-padding is-layout-constrained wp-block-group-is-layout-constrained\">\n<div class=\"wp-block-group is-layout-flow wp-block-group-is-layout-flow\">\n<p class=\"has-secondary-color has-text-color has-link-color wp-elements-9ab710cf8c468622e0769e4dc7d6d8ac\"><\/p>\n\n\n\n<h2 class=\"wp-block-heading\">El equipo<\/h2>\n\n\n\n<div style=\"height:27px\" aria-hidden=\"true\" class=\"wp-block-spacer\"><\/div>\n\n\n\n<div style=\"height:0px\" aria-hidden=\"true\" class=\"wp-block-spacer\"><\/div>\n\n\n\n<div class=\"wp-block-columns is-layout-flex wp-container-core-columns-is-layout-28f84493 wp-block-columns-is-layout-flex\">\n<div class=\"wp-block-column is-style-default is-layout-flow wp-block-column-is-layout-flow\" style=\"border-style:none;border-width:0px;padding-top:0;padding-right:0;padding-bottom:0;padding-left:0\">\n<figure class=\"wp-block-image size-full is-resized is-style-default\"><img loading=\"lazy\" decoding=\"async\" width=\"1600\" height=\"2400\" src=\"https:\/\/cinemafilles.com\/wp-content\/uploads\/2025\/12\/9R2B5209.jpeg\" alt=\"\" class=\"wp-image-267\" style=\"width:336px;height:auto\" srcset=\"https:\/\/cinemafilles.com\/wp-content\/uploads\/2025\/12\/9R2B5209.jpeg 1600w, https:\/\/cinemafilles.com\/wp-content\/uploads\/2025\/12\/9R2B5209-200x300.jpeg 200w, https:\/\/cinemafilles.com\/wp-content\/uploads\/2025\/12\/9R2B5209-683x1024.jpeg 683w\" sizes=\"auto, (max-width: 1600px) 100vw, 1600px\" \/><\/figure>\n\n\n\n<h3 class=\"wp-block-heading\">Alodia Clemente<\/h3>\n\n\n\n<p class=\"has-tertiary-color has-text-color has-link-color wp-elements-0c1ea40599328cdd8f54858c3111388b\">Fundadora <em>Cinema Filles\u00ae<\/em>  \/ Producci\u00f3n ejecutiva<\/p>\n\n\n\n<p><strong>Alodia Clemente<\/strong> es periodista y productora audiovisual, licenciada en Periodismo, Comunicaci\u00f3n Audiovisual y Ciencias Pol\u00edticas, m\u00e1ster en Contenidos y Formatos Audiovisuales y Ecomanager audiovisual. Ha trabajado en Nadie es Perfecto como Business Affairs and Law y Responsable de Comunicaci\u00f3n en proyectos como <em>Celuloide Colectivo<\/em>, <em>Taranc\u00f3n, el quinto mandamiento<\/em>, <em>En Fuera de juego<\/em> o <em>Dioses y perros<\/em>.<\/p>\n\n\n\n<p>Guionista del documental <em>Trenor, facta non verba<\/em>, colaboradora de <em>Pikara Magazine<\/em> y creadora del podcast literario <em>Libros y mamarracheo<\/em>, en 2024 cofund\u00f3 <em>Cinema Filles\u00ae<\/em> , donde ha ejercido la producci\u00f3n ejecutiva del largometraje documental <em>Reflejos de la Casa Verde<\/em>, dirigido por Antonio Morales.<\/p>\n\n\n\n<ul class=\"wp-block-social-links has-icon-color is-style-logos-only is-layout-flex wp-container-core-social-links-is-layout-327fadc6 wp-block-social-links-is-layout-flex\"><li style=\"color:currentColor;\" class=\"wp-social-link wp-social-link-instagram has-primary-color wp-block-social-link\"><a href=\"https:\/\/www.instagram.com\/cinema_filles\/\" class=\"wp-block-social-link-anchor\"><svg width=\"24\" height=\"24\" viewBox=\"0 0 24 24\" version=\"1.1\" xmlns=\"http:\/\/www.w3.org\/2000\/svg\" aria-hidden=\"true\" focusable=\"false\"><path d=\"M12,4.622c2.403,0,2.688,0.009,3.637,0.052c0.877,0.04,1.354,0.187,1.671,0.31c0.42,0.163,0.72,0.358,1.035,0.673 c0.315,0.315,0.51,0.615,0.673,1.035c0.123,0.317,0.27,0.794,0.31,1.671c0.043,0.949,0.052,1.234,0.052,3.637 s-0.009,2.688-0.052,3.637c-0.04,0.877-0.187,1.354-0.31,1.671c-0.163,0.42-0.358,0.72-0.673,1.035 c-0.315,0.315-0.615,0.51-1.035,0.673c-0.317,0.123-0.794,0.27-1.671,0.31c-0.949,0.043-1.233,0.052-3.637,0.052 s-2.688-0.009-3.637-0.052c-0.877-0.04-1.354-0.187-1.671-0.31c-0.42-0.163-0.72-0.358-1.035-0.673 c-0.315-0.315-0.51-0.615-0.673-1.035c-0.123-0.317-0.27-0.794-0.31-1.671C4.631,14.688,4.622,14.403,4.622,12 s0.009-2.688,0.052-3.637c0.04-0.877,0.187-1.354,0.31-1.671c0.163-0.42,0.358-0.72,0.673-1.035 c0.315-0.315,0.615-0.51,1.035-0.673c0.317-0.123,0.794-0.27,1.671-0.31C9.312,4.631,9.597,4.622,12,4.622 M12,3 C9.556,3,9.249,3.01,8.289,3.054C7.331,3.098,6.677,3.25,6.105,3.472C5.513,3.702,5.011,4.01,4.511,4.511 c-0.5,0.5-0.808,1.002-1.038,1.594C3.25,6.677,3.098,7.331,3.054,8.289C3.01,9.249,3,9.556,3,12c0,2.444,0.01,2.751,0.054,3.711 c0.044,0.958,0.196,1.612,0.418,2.185c0.23,0.592,0.538,1.094,1.038,1.594c0.5,0.5,1.002,0.808,1.594,1.038 c0.572,0.222,1.227,0.375,2.185,0.418C9.249,20.99,9.556,21,12,21s2.751-0.01,3.711-0.054c0.958-0.044,1.612-0.196,2.185-0.418 c0.592-0.23,1.094-0.538,1.594-1.038c0.5-0.5,0.808-1.002,1.038-1.594c0.222-0.572,0.375-1.227,0.418-2.185 C20.99,14.751,21,14.444,21,12s-0.01-2.751-0.054-3.711c-0.044-0.958-0.196-1.612-0.418-2.185c-0.23-0.592-0.538-1.094-1.038-1.594 c-0.5-0.5-1.002-0.808-1.594-1.038c-0.572-0.222-1.227-0.375-2.185-0.418C14.751,3.01,14.444,3,12,3L12,3z M12,7.378 c-2.552,0-4.622,2.069-4.622,4.622S9.448,16.622,12,16.622s4.622-2.069,4.622-4.622S14.552,7.378,12,7.378z M12,15 c-1.657,0-3-1.343-3-3s1.343-3,3-3s3,1.343,3,3S13.657,15,12,15z M16.804,6.116c-0.596,0-1.08,0.484-1.08,1.08 s0.484,1.08,1.08,1.08c0.596,0,1.08-0.484,1.08-1.08S17.401,6.116,16.804,6.116z\"><\/path><\/svg><span class=\"wp-block-social-link-label screen-reader-text\">Instagram<\/span><\/a><\/li>\n\n<li style=\"color:currentColor;\" class=\"wp-social-link wp-social-link-linkedin has-primary-color wp-block-social-link\"><a href=\"https:\/\/www.linkedin.com\/in\/alodia-clemente-a5487b82\/\" class=\"wp-block-social-link-anchor\"><svg width=\"24\" height=\"24\" viewBox=\"0 0 24 24\" version=\"1.1\" xmlns=\"http:\/\/www.w3.org\/2000\/svg\" aria-hidden=\"true\" focusable=\"false\"><path d=\"M19.7,3H4.3C3.582,3,3,3.582,3,4.3v15.4C3,20.418,3.582,21,4.3,21h15.4c0.718,0,1.3-0.582,1.3-1.3V4.3 C21,3.582,20.418,3,19.7,3z M8.339,18.338H5.667v-8.59h2.672V18.338z M7.004,8.574c-0.857,0-1.549-0.694-1.549-1.548 c0-0.855,0.691-1.548,1.549-1.548c0.854,0,1.547,0.694,1.547,1.548C8.551,7.881,7.858,8.574,7.004,8.574z M18.339,18.338h-2.669 v-4.177c0-0.996-0.017-2.278-1.387-2.278c-1.389,0-1.601,1.086-1.601,2.206v4.249h-2.667v-8.59h2.559v1.174h0.037 c0.356-0.675,1.227-1.387,2.526-1.387c2.703,0,3.203,1.779,3.203,4.092V18.338z\"><\/path><\/svg><span class=\"wp-block-social-link-label screen-reader-text\">LinkedIn<\/span><\/a><\/li><\/ul>\n<\/div>\n\n\n\n<div class=\"wp-block-column is-style-default is-layout-flow wp-block-column-is-layout-flow\" style=\"border-style:none;border-width:0px;padding-top:0;padding-right:0;padding-bottom:0;padding-left:0\">\n<figure class=\"wp-block-image size-full is-resized\"><img loading=\"lazy\" decoding=\"async\" width=\"889\" height=\"1333\" src=\"https:\/\/cinemafilles.com\/wp-content\/uploads\/2025\/12\/9R2B5026.jpeg\" alt=\"\" class=\"wp-image-265\" style=\"aspect-ratio:0.6669200557455973;width:336px;height:auto\" srcset=\"https:\/\/cinemafilles.com\/wp-content\/uploads\/2025\/12\/9R2B5026.jpeg 889w, https:\/\/cinemafilles.com\/wp-content\/uploads\/2025\/12\/9R2B5026-200x300.jpeg 200w, https:\/\/cinemafilles.com\/wp-content\/uploads\/2025\/12\/9R2B5026-683x1024.jpeg 683w\" sizes=\"auto, (max-width: 889px) 100vw, 889px\" \/><\/figure>\n\n\n\n<h3 class=\"wp-block-heading\">Inma Escribano<\/h3>\n\n\n\n<p class=\"has-tertiary-color has-text-color has-link-color wp-elements-42f777daac582d0e795bd3cb0698278e\">Fundadora <em><em>Cinema Filles\u00ae<\/em><\/em> \/ Guion \/ Direcci\u00f3n<\/p>\n\n\n\n<p><strong>Inma Escribano<\/strong> es periodista y realizadora de documentales. Durante siete a\u00f1os trabaj\u00f3 como corresponsal y productora en China, cubriendo acontecimientos internacionales como el inicio de la pandemia de COVID-19 o las protestas de Hong Kong, y realizando documentales para medios como <em>VICE<\/em> y <em>CGTN<\/em> sobre temas sociales y culturales.<\/p>\n\n\n\n<p>En 2024 fund\u00f3 <em><em>Cinema Filles\u00ae<\/em> <\/em>, productora dedicada al cine documental con mirada social y de g\u00e9nero. Actualmente desarrolla proyectos centrados en rescatar memorias olvidadas y dar voz a las historias que habitan en los m\u00e1rgenes.<\/p>\n\n\n\n<ul class=\"wp-block-social-links has-icon-color is-style-logos-only is-layout-flex wp-container-core-social-links-is-layout-5f86147d wp-block-social-links-is-layout-flex\"><li style=\"color:currentColor;\" class=\"wp-social-link wp-social-link-instagram has-primary-color wp-block-social-link\"><a href=\"https:\/\/www.instagram.com\/inma_escribano\/\" class=\"wp-block-social-link-anchor\"><svg width=\"24\" height=\"24\" viewBox=\"0 0 24 24\" version=\"1.1\" xmlns=\"http:\/\/www.w3.org\/2000\/svg\" aria-hidden=\"true\" focusable=\"false\"><path d=\"M12,4.622c2.403,0,2.688,0.009,3.637,0.052c0.877,0.04,1.354,0.187,1.671,0.31c0.42,0.163,0.72,0.358,1.035,0.673 c0.315,0.315,0.51,0.615,0.673,1.035c0.123,0.317,0.27,0.794,0.31,1.671c0.043,0.949,0.052,1.234,0.052,3.637 s-0.009,2.688-0.052,3.637c-0.04,0.877-0.187,1.354-0.31,1.671c-0.163,0.42-0.358,0.72-0.673,1.035 c-0.315,0.315-0.615,0.51-1.035,0.673c-0.317,0.123-0.794,0.27-1.671,0.31c-0.949,0.043-1.233,0.052-3.637,0.052 s-2.688-0.009-3.637-0.052c-0.877-0.04-1.354-0.187-1.671-0.31c-0.42-0.163-0.72-0.358-1.035-0.673 c-0.315-0.315-0.51-0.615-0.673-1.035c-0.123-0.317-0.27-0.794-0.31-1.671C4.631,14.688,4.622,14.403,4.622,12 s0.009-2.688,0.052-3.637c0.04-0.877,0.187-1.354,0.31-1.671c0.163-0.42,0.358-0.72,0.673-1.035 c0.315-0.315,0.615-0.51,1.035-0.673c0.317-0.123,0.794-0.27,1.671-0.31C9.312,4.631,9.597,4.622,12,4.622 M12,3 C9.556,3,9.249,3.01,8.289,3.054C7.331,3.098,6.677,3.25,6.105,3.472C5.513,3.702,5.011,4.01,4.511,4.511 c-0.5,0.5-0.808,1.002-1.038,1.594C3.25,6.677,3.098,7.331,3.054,8.289C3.01,9.249,3,9.556,3,12c0,2.444,0.01,2.751,0.054,3.711 c0.044,0.958,0.196,1.612,0.418,2.185c0.23,0.592,0.538,1.094,1.038,1.594c0.5,0.5,1.002,0.808,1.594,1.038 c0.572,0.222,1.227,0.375,2.185,0.418C9.249,20.99,9.556,21,12,21s2.751-0.01,3.711-0.054c0.958-0.044,1.612-0.196,2.185-0.418 c0.592-0.23,1.094-0.538,1.594-1.038c0.5-0.5,0.808-1.002,1.038-1.594c0.222-0.572,0.375-1.227,0.418-2.185 C20.99,14.751,21,14.444,21,12s-0.01-2.751-0.054-3.711c-0.044-0.958-0.196-1.612-0.418-2.185c-0.23-0.592-0.538-1.094-1.038-1.594 c-0.5-0.5-1.002-0.808-1.594-1.038c-0.572-0.222-1.227-0.375-2.185-0.418C14.751,3.01,14.444,3,12,3L12,3z M12,7.378 c-2.552,0-4.622,2.069-4.622,4.622S9.448,16.622,12,16.622s4.622-2.069,4.622-4.622S14.552,7.378,12,7.378z M12,15 c-1.657,0-3-1.343-3-3s1.343-3,3-3s3,1.343,3,3S13.657,15,12,15z M16.804,6.116c-0.596,0-1.08,0.484-1.08,1.08 s0.484,1.08,1.08,1.08c0.596,0,1.08-0.484,1.08-1.08S17.401,6.116,16.804,6.116z\"><\/path><\/svg><span class=\"wp-block-social-link-label screen-reader-text\">Instagram<\/span><\/a><\/li>\n\n<li style=\"color:currentColor;\" class=\"wp-social-link wp-social-link-linkedin has-primary-color wp-block-social-link\"><a href=\"https:\/\/www.linkedin.com\/in\/inma-escribano-92262224\/\" class=\"wp-block-social-link-anchor\"><svg width=\"24\" height=\"24\" viewBox=\"0 0 24 24\" version=\"1.1\" xmlns=\"http:\/\/www.w3.org\/2000\/svg\" aria-hidden=\"true\" focusable=\"false\"><path d=\"M19.7,3H4.3C3.582,3,3,3.582,3,4.3v15.4C3,20.418,3.582,21,4.3,21h15.4c0.718,0,1.3-0.582,1.3-1.3V4.3 C21,3.582,20.418,3,19.7,3z M8.339,18.338H5.667v-8.59h2.672V18.338z M7.004,8.574c-0.857,0-1.549-0.694-1.549-1.548 c0-0.855,0.691-1.548,1.549-1.548c0.854,0,1.547,0.694,1.547,1.548C8.551,7.881,7.858,8.574,7.004,8.574z M18.339,18.338h-2.669 v-4.177c0-0.996-0.017-2.278-1.387-2.278c-1.389,0-1.601,1.086-1.601,2.206v4.249h-2.667v-8.59h2.559v1.174h0.037 c0.356-0.675,1.227-1.387,2.526-1.387c2.703,0,3.203,1.779,3.203,4.092V18.338z\"><\/path><\/svg><span class=\"wp-block-social-link-label screen-reader-text\">LinkedIn<\/span><\/a><\/li><\/ul>\n<\/div>\n<\/div>\n<\/div>\n<\/div>\n\n\n\n<p><\/p>\n","protected":false},"excerpt":{"rendered":"<p>CINEMA FILLES Fundada por Alodia Clemente e Inma Escribano, Cinema Filles\u00ae es una productora dedicada a la creaci\u00f3n de cine documental con un enfoque social y cultural. Su misi\u00f3n es revelar las peque\u00f1as grandes historias que nos rodean y que, durante demasiado tiempo, han permanecido sin ser contadas \u2014especialmente aquellas protagonizadas por mujeres o narradas &hellip; <\/p>\n<p class=\"link-more\"><a href=\"https:\/\/cinemafilles.com\/\" class=\"more-link\">Leer m\u00e1s<span class=\"screen-reader-text\"> \u00abP\u00e1gina de inicio\u00bb<\/span><\/a><\/p>\n","protected":false},"author":1,"featured_media":0,"parent":0,"menu_order":0,"comment_status":"closed","ping_status":"closed","template":"page-templates\/homepage-builder-bb.php","meta":{"footnotes":""},"class_list":["post-24","page","type-page","status-publish","hentry"],"_links":{"self":[{"href":"https:\/\/cinemafilles.com\/index.php\/wp-json\/wp\/v2\/pages\/24","targetHints":{"allow":["GET"]}}],"collection":[{"href":"https:\/\/cinemafilles.com\/index.php\/wp-json\/wp\/v2\/pages"}],"about":[{"href":"https:\/\/cinemafilles.com\/index.php\/wp-json\/wp\/v2\/types\/page"}],"author":[{"embeddable":true,"href":"https:\/\/cinemafilles.com\/index.php\/wp-json\/wp\/v2\/users\/1"}],"replies":[{"embeddable":true,"href":"https:\/\/cinemafilles.com\/index.php\/wp-json\/wp\/v2\/comments?post=24"}],"version-history":[{"count":65,"href":"https:\/\/cinemafilles.com\/index.php\/wp-json\/wp\/v2\/pages\/24\/revisions"}],"predecessor-version":[{"id":304,"href":"https:\/\/cinemafilles.com\/index.php\/wp-json\/wp\/v2\/pages\/24\/revisions\/304"}],"wp:attachment":[{"href":"https:\/\/cinemafilles.com\/index.php\/wp-json\/wp\/v2\/media?parent=24"}],"curies":[{"name":"wp","href":"https:\/\/api.w.org\/{rel}","templated":true}]}}